{"id":504,"date":"2023-08-08T16:00:15","date_gmt":"2023-08-08T14:00:15","guid":{"rendered":"https:\/\/corpseneveil.feelingandsound.com\/gs48904-ovh\/?page_id=504"},"modified":"2026-02-24T20:56:41","modified_gmt":"2026-02-24T19:56:41","slug":"agenda","status":"publish","type":"page","link":"https:\/\/corpseveil.com\/index.php\/agenda\/","title":{"rendered":"Agenda"},"content":{"rendered":"\t\t<div data-elementor-type=\"wp-page\" data-elementor-id=\"504\" class=\"elementor elementor-504\" data-elementor-post-type=\"page\">\n\t\t\t\t\t\t<section class=\"elementor-section elementor-top-section elementor-element elementor-element-37d3c84 elementor-section-full_width elementor-section-height-default elementor-section-height-default\" data-id=\"37d3c84\" data-element_type=\"section\">\n\t\t\t\t\t\t<div class=\"elementor-container elementor-column-gap-default\">\n\t\t\t\t\t<div class=\"elementor-column elementor-col-100 elementor-top-column elementor-element elementor-element-77ea766\" data-id=\"77ea766\" data-element_type=\"column\">\n\t\t\t<div class=\"elementor-widget-wrap elementor-element-populated\">\n\t\t\t\t\t\t<div class=\"elementor-element elementor-element-aca6fe0 elementor-widget elementor-widget-heading\" data-id=\"aca6fe0\" data-element_type=\"widget\" data-widget_type=\"heading.default\">\n\t\t\t\t<div class=\"elementor-widget-container\">\n\t\t\t\t\t<h2 class=\"elementor-heading-title elementor-size-default\">Ev\u00e9nements \u00e0 venir<\/h2>\t\t\t\t<\/div>\n\t\t\t\t<\/div>\n\t\t\t\t<div class=\"elementor-element elementor-element-62e0ad6 elementor-widget elementor-widget-heading\" data-id=\"62e0ad6\" data-element_type=\"widget\" data-widget_type=\"heading.default\">\n\t\t\t\t<div class=\"elementor-widget-container\">\n\t\t\t\t\t<h2 class=\"elementor-heading-title elementor-size-default\">Rencontre La Source des Femmes - Dim 8 Mars<\/h2>\t\t\t\t<\/div>\n\t\t\t\t<\/div>\n\t\t\t\t<div class=\"elementor-element elementor-element-7423271 elementor-widget elementor-widget-heading\" data-id=\"7423271\" data-element_type=\"widget\" data-widget_type=\"heading.default\">\n\t\t\t\t<div class=\"elementor-widget-container\">\n\t\t\t\t\t<h2 class=\"elementor-heading-title elementor-size-default\">Vall\u00e9e Verte 74<\/h2>\t\t\t\t<\/div>\n\t\t\t\t<\/div>\n\t\t\t\t<div class=\"elementor-element elementor-element-c8196c3 elementor-widget elementor-widget-text-editor\" data-id=\"c8196c3\" data-element_type=\"widget\" data-widget_type=\"text-editor.default\">\n\t\t\t\t<div class=\"elementor-widget-container\">\n\t\t\t\t\t\t\t\t\t<p dir=\"auto\" style=\"margin-top: 0px; margin-bottom: 0px; margin-left: 0px;\" data-pm-slice=\"1 1 []\"><span style=\"font-size: 15px;\">A l&rsquo;occasion de la Journ\u00e9e Internationale des droits de la Femme,<\/span><\/p>\n<p dir=\"auto\" style=\"margin-top: 0px; margin-bottom: 0px; margin-left: 0px;\"><span style=\"font-size: 15px;\">Ressour\u00e7ons nous au contact de la sagesse de la Terre M\u00e8re.<\/span><\/p>\n<p dir=\"auto\" style=\"margin-top: 0px; margin-bottom: 0px; margin-left: 0px;\"><span style=\"font-size: 15px;\">Laissons-nous enseigner et co-cr\u00e9ons notre rencontre, chacune avec ses talents, ses envies, son unicit\u00e9.<\/span><\/p>\n<p dir=\"auto\" style=\"margin-top: 0px; margin-bottom: 0px; margin-left: 0px;\"><span style=\"font-size: 15px;\">Une journ\u00e9e de sororit\u00e9 pour se retrouver, se ressourcer, se c\u00e9l\u00e9brer, partager, \u00e9changer, rire, cr\u00e9er, prendre soin, <\/span><br><span style=\"font-size: 15px;\">valoriser notre valeur et nos valeurs.<\/span><\/p>\n<p dir=\"auto\" style=\"margin-top: 0px; margin-bottom: 0px; margin-left: 0px;\"><span style=\"color: #ea1add; font-size: 15px;\">GRATUIT<\/span><\/p>\n<p dir=\"auto\" style=\"margin-top: 0px; margin-bottom: 0px; margin-left: 0px;\"><span style=\"font-size: 15px;\">13h15 Repas partag\u00e9 &amp; 15h Marche m\u00e9ditative en Nature<\/span><br><span style=\"font-size: 15px;\">RDV devant l&rsquo;\u00e9glise d&rsquo;Hab\u00e8re Poche <\/span><br><font color=\"#f210f1\"><span style=\"font-size: 15px;\">Infos &amp; Inscription au 06 23 67 14 04<\/span><\/font><br><font color=\"#f210f1\"><span style=\"font-size: 15px;\">Rejoins le groupe Whatsapp de la Source des Femmes en cliquant sur ce lien :&nbsp;<\/span><\/font><br><font color=\"#f210f1\"><span style=\"font-size: 15px;\">h<\/span><\/font><a href=\"https:\/\/chat.whatsapp.com\/DEuJ9L7YuEVI1eptm4c9yp\" target=\"_blank\" style=\"background-color: rgb(255, 255, 255); font-size: 1rem;\">ttps:\/\/chat.whatsapp.com\/DEuJ9L7YuEVI1eptm4c9yp<\/a><\/p>\t\t\t\t\t\t\t\t<\/div>\n\t\t\t\t<\/div>\n\t\t\t\t<div class=\"elementor-element elementor-element-c438328 elementor-widget elementor-widget-heading\" data-id=\"c438328\" data-element_type=\"widget\" data-widget_type=\"heading.default\">\n\t\t\t\t<div class=\"elementor-widget-container\">\n\t\t\t\t\t<h2 class=\"elementor-heading-title elementor-size-default\">Ateliers VIVRE Mieux ta Sant\u00e9 au F\u00e9minin - E<span style=\"font-family: var( --e-global-typography-primary-font-family ), Sans-serif;font-weight: var( --e-global-typography-primary-font-weight )\">n Ligne <\/span><\/h2>\t\t\t\t<\/div>\n\t\t\t\t<\/div>\n\t\t\t\t<div class=\"elementor-element elementor-element-293f3bd elementor-widget__width-initial elementor-widget elementor-widget-text-editor\" data-id=\"293f3bd\" data-element_type=\"widget\" data-widget_type=\"text-editor.default\">\n\t\t\t\t<div class=\"elementor-widget-container\">\n\t\t\t\t\t\t\t\t\t<p><b>Cercle de VIE d\u00e9di\u00e9s \u00e0 la sant\u00e9, \u00e0 la Vie des Femmes.\u00a0<\/b><br \/>Un cercle de femmes pas comme les autres !!<\/p><p dir=\"auto\" style=\"margin-top: 0px; margin-bottom: 0px; margin-left: 0px;\" data-pm-slice=\"1 1 []\"><span style=\"font-size: 15px;\">Depuis ta grotte, ton canap\u00e9, fais une pause dans ta semaine et prends un bain de VIE. <\/span><br \/><span style=\"font-size: 15px;\">Je t&rsquo;accueille dans un cercle de femmes confidentiel, doux et chaleureux pour t&rsquo;aider \u00e0 <strong>r\u00e9guler<\/strong><\/span><strong><br \/><\/strong><span style=\"font-size: 15px;\"><strong>tes \u00e9motions et diminuer ton stress.<\/strong> Je te guide ensuite avec de la <strong>m\u00e9ditation, des mouvements fluides, <\/strong><\/span><strong><br \/><\/strong><span style=\"font-size: 15px;\"><strong>des respirations profondes <\/strong>pour <strong>vitaliser ton corps. <\/strong><\/span><br \/><span style=\"font-size: 15px;\">Horaires 20h &#8211; 21h30<\/span><br \/><span style=\"font-size: 15px;\">Prix de lancement jusqu&rsquo;au 31 Mars 2026 : <\/span><br \/><span style=\"font-size: 15px;\">20 euros au lieu de 30 euros<\/span><br \/><span style=\"font-size: 15px;\">90 euros pour 5 Cercles au lieu de 125 euros<\/span><br \/><span style=\"color: #f210f1; font-size: 15px;\">Infos &amp; Inscription par email ou au 06 23 67 14 04<br \/><\/span><\/p><p>\u00a0<\/p><p><strong>Prochaines dates :<\/strong><br \/>Mardi 10 Mars 2026<br \/>Mardi 24 Mars 2026<br \/>Mardi 21 Avril 2026<br \/>Mardi 5 Mai 2026<br \/>Mardi 19 Mai 2026<br \/>Mardi 2 Juin 2026<br \/>Mardi 16 Juin 2026<\/p>\t\t\t\t\t\t\t\t<\/div>\n\t\t\t\t<\/div>\n\t\t\t\t<div class=\"elementor-element elementor-element-087b810 elementor-widget elementor-widget-heading\" data-id=\"087b810\" data-element_type=\"widget\" data-widget_type=\"heading.default\">\n\t\t\t\t<div class=\"elementor-widget-container\">\n\t\t\t\t\t<h2 class=\"elementor-heading-title elementor-size-default\">Ateliers Croissant de Lunes<\/h2>\t\t\t\t<\/div>\n\t\t\t\t<\/div>\n\t\t\t\t<div class=\"elementor-element elementor-element-7cfa0fb elementor-widget elementor-widget-heading\" data-id=\"7cfa0fb\" data-element_type=\"widget\" data-widget_type=\"heading.default\">\n\t\t\t\t<div class=\"elementor-widget-container\">\n\t\t\t\t\t<h2 class=\"elementor-heading-title elementor-size-default\">Massanas Studio - Viuz en Sallaz - 74 <\/h2>\t\t\t\t<\/div>\n\t\t\t\t<\/div>\n\t\t\t\t<div class=\"elementor-element elementor-element-1df2052 elementor-widget elementor-widget-text-editor\" data-id=\"1df2052\" data-element_type=\"widget\" data-widget_type=\"text-editor.default\">\n\t\t\t\t<div class=\"elementor-widget-container\">\n\t\t\t\t\t\t\t\t\t<p><b style=\"font-size: 1rem;\">Ateliers \u00ab Croissant de Lunes \u00bb&nbsp;<\/b><\/p>\n<p>Et si tu apprenais \u00e0 <b>\u00e9couter ton corps<\/b>\u2026 au lieu de&nbsp;lutter contre lui ?<\/p>\n<p>Ces 5 ateliers sont une invitation \u00e0 te reconnecter \u00e0 ton&nbsp;corps de femme, \u00e0 comprendre ses messages, <br>ses cycles et ses transformations.<\/p>\n<p>Pour toi, si tu souhaites :<br>\u2022 <b>mieux comprendre ton cycle et ses perturbations<\/b><br>\u2022 <b>lib\u00e9rer des m\u00e9moires<\/b> li\u00e9es \u00e0 ton histoire&nbsp;<br>\u2022 te <b>r\u00e9concilier avec ton corps<\/b>, le regarder autrement<br>\u2022 d\u00e9couvrir ou approfondir la <b>Sororit\u00e9<\/b>, le lien vivant entre femmes<\/p>\n<p>\u00catre femme,&nbsp;c\u2019est porter beaucoup, c&rsquo;est donner beaucoup<br>Et bien souvent, tu t&rsquo;oublies&#8230;<br>Quand tu ne t&rsquo;\u00e9coutes plus, <b>ton&nbsp;corps te parle<\/b> : <b>fatigue, douleurs, troubles&nbsp;hormonaux, sommeil perturb\u00e9\u2026<\/b><\/p>\n<p>Tout au long de ces 5 ateliers, n<span style=\"font-size: 1rem;\">ous explorerons ensemble :<\/span><\/p>\n<ul style=\"margin-top: 0cm;\" type=\"disc\">\n<li>Les <b>messages du corps<\/b> et ses douleurs : troubles menstruels, endom\u00e9triose,&nbsp;infertilit\u00e9, fibrome..<\/li>\n<li><span style=\"font-size: 1rem; background-color: transparent;\">Nos&nbsp;vies de femmes et&nbsp;<\/span><span style=\"font-weight: bold; font-size: 1rem; background-color: transparent;\">nos h\u00e9ritages<\/span><\/li>\n<li>Les&nbsp;changements et passages de vie : m\u00e9nopause, cheveux blancs, prise de poids, perte de libido..<\/li>\n<li>Notre r\u00e9silience, notre puissance cr\u00e9atrice et nos forces d&rsquo;auto-gu\u00e9rison<\/li>\n<\/ul>\n<p>Un espace <b>s\u00e9curisant<\/b> pour te d\u00e9poser, te relier et te&nbsp;transformer dans une <b>matrice enveloppante.<\/b>&nbsp;<br><br><b>Inclus en Bonus 2 Webinaires !!<\/b><br>Vivre Mieux son cycle menstruel<br>Vivre Mieux sa m\u00e9nopause<br>Anim\u00e9 par Marion Bouguettoucha : Naturopathe &#8211; Iridologue &#8211; Praticienne EFT<br>sp\u00e9cialis\u00e9e dans les troubles f\u00e9minins<br><a href=\"https:\/\/www.marion-b-naturopathie.com\/\" style=\"font-family: monospace, monospace; font-size: 1em; white-space-collapse: preserve; background-color: rgb(255, 255, 255);\"><b>Marion Bouguettoucha \u2013 Naturopathe proche de La Roche-sur-Foron (74800)<\/b><\/a><\/p>\n<p>Rejoins la communaut\u00e9 Aimer au F\u00e9minin sur Facebook en cliquant sur ce lien :&nbsp;<br><a style=\"color: #080809; cursor: pointer; outline: none; border-inline-width: 0px; margin-inline: 0px; border-inline-style: none; padding-inline: 0px; -webkit-tap-highlight-color: transparent; font-weight: 600; list-style-type: none; touch-action: manipulation; background-color: #ffffff; display: inline; padding-bottom: 0px; border-top-style: none; border-bottom-width: 0px; border-bottom-style: none; border-top-width: 0px; margin-bottom: 0px; margin-top: 0px; padding-top: 0px; font-family: 'Segoe UI Historic', 'Segoe UI', Helvetica, Arial, sans-serif; font-size: 15px;\" tabindex=\"0\" role=\"link\" href=\"https:\/\/www.facebook.com\/groups\/308361746515085\/?__cft__[0]=AZb6yVhu1WkR3c0tMW_4iw8wTgsssy7c1gLGzMRqqIIMZaQmceNVf4RAO4k9FbWKp0N-mvFdwx78OIkTnlrnWd1RRo4aAymJ_WTUFVbPwKJG5vaCCyVov5TVfEqsiuqBrnNF5mNOr4EJdD9FEdATSKM4&amp;__tn__=q\"><span style=\"display: inline; font-family: inherit;\">https:\/\/www.facebook.com\/groups\/308361746515085<\/span><\/a><\/p>\t\t\t\t\t\t\t\t<\/div>\n\t\t\t\t<\/div>\n\t\t\t\t<div class=\"elementor-element elementor-element-5b8ddb1 elementor-widget elementor-widget-text-editor\" data-id=\"5b8ddb1\" data-element_type=\"widget\" data-widget_type=\"text-editor.default\">\n\t\t\t\t<div class=\"elementor-widget-container\">\n\t\t\t\t\t\t\t\t\t<p><b>Dates et Th\u00e8mes\u00a0<br \/><\/b><span style=\"color: #ff00ff; font-family: arial, sans-serif; font-size: small;\">\u00a022\/02 : Explore<b>\u00a0tes lign\u00e9es de femmes<\/b>\u00a0pour mieux conna\u00eetre d\u2019o\u00f9 tu viens.<br \/><br \/>\u00a022\/03 : D\u00e9code le\u00a0<b>langage de ton corps<\/b>\u00a0: ses maux, ses mots, ses messages.<br \/><br \/>\u00a026\/04 : Voyage au c\u0153ur de\u00a0<b>la sagesse de tes cycles et passages de vie<\/b><br \/><br \/>\u00a017\/05 : Ecoute les joies, les peines, les r\u00eaves de ta\u00a0<b>petite fille int\u00e9rieure<\/b><br \/><br \/>\u00a021\/06 : Comment nourrir\u00a0<b>ton espace relationnel<\/b>\u00a0avec tes proches (enfant, mari, amie, parent)<br \/><br \/><\/span>Horaires 10h &#8211; 12h30<\/p>\t\t\t\t\t\t\t\t<\/div>\n\t\t\t\t<\/div>\n\t\t\t\t<div class=\"elementor-element elementor-element-1974d73 elementor-widget elementor-widget-text-editor\" data-id=\"1974d73\" data-element_type=\"widget\" data-widget_type=\"text-editor.default\">\n\t\t\t\t<div class=\"elementor-widget-container\">\n\t\t\t\t\t\t\t\t\t<p><b>TARIFS<\/b><br \/>Un atelier de 2h30 = 35 Euros<br \/>2 Ateliers de 2h30 = 60 Euros\u00a0<br \/>5 Ateliers de 2h30 = 140 Euros (Soit 28 Euros\/atelier)<\/p>\t\t\t\t\t\t\t\t<\/div>\n\t\t\t\t<\/div>\n\t\t\t\t<div class=\"elementor-element elementor-element-7d4802d elementor-widget elementor-widget-text-editor\" data-id=\"7d4802d\" data-element_type=\"widget\" data-widget_type=\"text-editor.default\">\n\t\t\t\t<div class=\"elementor-widget-container\">\n\t\t\t\t\t\t\t\t\t<p><b>INOS &amp; INSCRIPTION&nbsp;<\/b><br>10 personnes max<br>R\u00e9serve ta place en cliquant sur ce lien :&nbsp;<a href=\"https:\/\/forms.gle\/UXQBrUTNKRSSthff7\" target=\"_blank\"><b>https:\/\/forms.gle\/UXQBrUTNKRSSthff7<\/b><\/a><br>ou me contactant au 06 23 67 14 04<\/p>\t\t\t\t\t\t\t\t<\/div>\n\t\t\t\t<\/div>\n\t\t\t\t\t<\/div>\n\t\t<\/div>\n\t\t\t\t\t<\/div>\n\t\t<\/section>\n\t\t\t\t<section class=\"elementor-section elementor-top-section elementor-element elementor-element-d210945 elementor-section-boxed elementor-section-height-default elementor-section-height-default\" data-id=\"d210945\" data-element_type=\"section\">\n\t\t\t\t\t\t<div class=\"elementor-container elementor-column-gap-default\">\n\t\t\t\t\t<div class=\"elementor-column elementor-col-100 elementor-top-column elementor-element elementor-element-2ea143f\" data-id=\"2ea143f\" data-element_type=\"column\">\n\t\t\t<div class=\"elementor-widget-wrap\">\n\t\t\t\t\t\t\t<\/div>\n\t\t<\/div>\n\t\t\t\t\t<\/div>\n\t\t<\/section>\n\t\t\t\t<section class=\"elementor-section elementor-top-section elementor-element elementor-element-0f6857f elementor-section-boxed elementor-section-height-default elementor-section-height-default\" data-id=\"0f6857f\" data-element_type=\"section\">\n\t\t\t\t\t\t<div class=\"elementor-container elementor-column-gap-default\">\n\t\t\t\t\t<div class=\"elementor-column elementor-col-100 elementor-top-column elementor-element elementor-element-d00eb07\" data-id=\"d00eb07\" data-element_type=\"column\">\n\t\t\t<div class=\"elementor-widget-wrap\">\n\t\t\t\t\t\t\t<\/div>\n\t\t<\/div>\n\t\t\t\t\t<\/div>\n\t\t<\/section>\n\t\t\t\t<section class=\"elementor-section elementor-top-section elementor-element elementor-element-42a8b44 elementor-section-full_width elementor-section-height-default elementor-section-height-default\" data-id=\"42a8b44\" data-element_type=\"section\" data-settings=\"{&quot;background_background&quot;:&quot;classic&quot;,&quot;shape_divider_top&quot;:&quot;waves&quot;,&quot;shape_divider_bottom&quot;:&quot;waves&quot;,&quot;shape_divider_bottom_negative&quot;:&quot;yes&quot;}\">\n\t\t\t\t\t<div class=\"elementor-shape elementor-shape-top\" data-negative=\"false\">\n\t\t\t<svg xmlns=\"http:\/\/www.w3.org\/2000\/svg\" viewBox=\"0 0 1000 100\" preserveAspectRatio=\"none\">\n\t<path class=\"elementor-shape-fill\" d=\"M421.9,6.5c22.6-2.5,51.5,0.4,75.5,5.3c23.6,4.9,70.9,23.5,100.5,35.7c75.8,32.2,133.7,44.5,192.6,49.7\n\tc23.6,2.1,48.7,3.5,103.4-2.5c54.7-6,106.2-25.6,106.2-25.6V0H0v30.3c0,0,72,32.6,158.4,30.5c39.2-0.7,92.8-6.7,134-22.4\n\tc21.2-8.1,52.2-18.2,79.7-24.2C399.3,7.9,411.6,7.5,421.9,6.5z\"\/>\n<\/svg>\t\t<\/div>\n\t\t\t\t<div class=\"elementor-shape elementor-shape-bottom\" data-negative=\"true\">\n\t\t\t<svg xmlns=\"http:\/\/www.w3.org\/2000\/svg\" viewBox=\"0 0 1000 100\" preserveAspectRatio=\"none\">\n\t<path class=\"elementor-shape-fill\" d=\"M790.5,93.1c-59.3-5.3-116.8-18-192.6-50c-29.6-12.7-76.9-31-100.5-35.9c-23.6-4.9-52.6-7.8-75.5-5.3\n\tc-10.2,1.1-22.6,1.4-50.1,7.4c-27.2,6.3-58.2,16.6-79.4,24.7c-41.3,15.9-94.9,21.9-134,22.6C72,58.2,0,25.8,0,25.8V100h1000V65.3\n\tc0,0-51.5,19.4-106.2,25.7C839.5,97,814.1,95.2,790.5,93.1z\"\/>\n<\/svg>\t\t<\/div>\n\t\t\t\t\t<div class=\"elementor-container elementor-column-gap-default\">\n\t\t\t\t\t<div class=\"elementor-column elementor-col-100 elementor-top-column elementor-element elementor-element-a37ce36\" data-id=\"a37ce36\" data-element_type=\"column\">\n\t\t\t<div class=\"elementor-widget-wrap elementor-element-populated\">\n\t\t\t\t\t\t<div class=\"elementor-element elementor-element-188351f elementor-widget elementor-widget-html\" data-id=\"188351f\" data-element_type=\"widget\" data-widget_type=\"html.default\">\n\t\t\t\t<div class=\"elementor-widget-container\">\n\t\t\t\t\t<!-- D\u00e9but de widget en ligne Calendly -->\r\n<div class=\"calendly-inline-widget\" data-url=\"https:\/\/calendly.com\/annelaure-pegon\" style=\"min-width:320px;height:700px;\"><\/div>\r\n<script type=\"text\/javascript\" src=\"https:\/\/assets.calendly.com\/assets\/external\/widget.js\" async><\/script>\r\n<!-- Fin de widget en ligne Calendly -->\r\n\t\t\t\t<\/div>\n\t\t\t\t<\/div>\n\t\t\t\t\t<\/div>\n\t\t<\/div>\n\t\t\t\t\t<\/div>\n\t\t<\/section>\n\t\t\t\t<\/div>\n\t\t","protected":false},"excerpt":{"rendered":"<p>Ev\u00e9nements \u00e0 venir Rencontre La Source des Femmes &#8211; Dim 8 Mars Vall\u00e9e Verte 74 A l&rsquo;occasion de la Journ\u00e9e Internationale des droits de la Femme, Ressour\u00e7ons nous au contact [&hellip;]<\/p>\n","protected":false},"author":1,"featured_media":0,"parent":0,"menu_order":0,"comment_status":"closed","ping_status":"closed","template":"","meta":{"footnotes":""},"class_list":["post-504","page","type-page","status-publish","hentry"],"yoast_head":"<!-- This site is optimized with the Yoast SEO plugin v24.6 - https:\/\/yoast.com\/wordpress\/plugins\/seo\/ -->\n<title>Agenda - Corps en Eveil - Anne-Laure Pegon<\/title>\n<meta name=\"robots\" content=\"index, follow, max-snippet:-1, max-image-preview:large, max-video-preview:-1\" \/>\n<link rel=\"canonical\" href=\"https:\/\/corpseveil.com\/index.php\/agenda\/\" \/>\n<meta property=\"og:locale\" content=\"fr_FR\" \/>\n<meta property=\"og:type\" content=\"article\" \/>\n<meta property=\"og:title\" content=\"Agenda - Corps en Eveil - Anne-Laure Pegon\" \/>\n<meta property=\"og:description\" content=\"Ev\u00e9nements \u00e0 venir Rencontre La Source des Femmes &#8211; Dim 8 Mars Vall\u00e9e Verte 74 A l&rsquo;occasion de la Journ\u00e9e Internationale des droits de la Femme, Ressour\u00e7ons nous au contact [&hellip;]\" \/>\n<meta property=\"og:url\" content=\"https:\/\/corpseveil.com\/index.php\/agenda\/\" \/>\n<meta property=\"og:site_name\" content=\"Corps en Eveil - Anne-Laure Pegon\" \/>\n<meta property=\"article:modified_time\" content=\"2026-02-24T19:56:41+00:00\" \/>\n<meta name=\"twitter:card\" content=\"summary_large_image\" \/>\n<meta name=\"twitter:label1\" content=\"Dur\u00e9e de lecture estim\u00e9e\" \/>\n\t<meta name=\"twitter:data1\" content=\"3 minutes\" \/>\n<script type=\"application\/ld+json\" class=\"yoast-schema-graph\">{\"@context\":\"https:\/\/schema.org\",\"@graph\":[{\"@type\":\"WebPage\",\"@id\":\"https:\/\/corpseveil.com\/index.php\/agenda\/\",\"url\":\"https:\/\/corpseveil.com\/index.php\/agenda\/\",\"name\":\"Agenda - Corps en Eveil - Anne-Laure Pegon\",\"isPartOf\":{\"@id\":\"https:\/\/corpseveil.com\/#website\"},\"datePublished\":\"2023-08-08T14:00:15+00:00\",\"dateModified\":\"2026-02-24T19:56:41+00:00\",\"breadcrumb\":{\"@id\":\"https:\/\/corpseveil.com\/index.php\/agenda\/#breadcrumb\"},\"inLanguage\":\"fr-FR\",\"potentialAction\":[{\"@type\":\"ReadAction\",\"target\":[\"https:\/\/corpseveil.com\/index.php\/agenda\/\"]}]},{\"@type\":\"BreadcrumbList\",\"@id\":\"https:\/\/corpseveil.com\/index.php\/agenda\/#breadcrumb\",\"itemListElement\":[{\"@type\":\"ListItem\",\"position\":1,\"name\":\"Accueil\",\"item\":\"https:\/\/corpseveil.com\/\"},{\"@type\":\"ListItem\",\"position\":2,\"name\":\"Agenda\"}]},{\"@type\":\"WebSite\",\"@id\":\"https:\/\/corpseveil.com\/#website\",\"url\":\"https:\/\/corpseveil.com\/\",\"name\":\"Corps en Eveil - Anne-Laure Pegon\",\"description\":\"Th\u00e9rapeute Psychocorporelle Haute Savoie et Vall\u00e9e Verte 74\",\"publisher\":{\"@id\":\"https:\/\/corpseveil.com\/#organization\"},\"potentialAction\":[{\"@type\":\"SearchAction\",\"target\":{\"@type\":\"EntryPoint\",\"urlTemplate\":\"https:\/\/corpseveil.com\/?s={search_term_string}\"},\"query-input\":{\"@type\":\"PropertyValueSpecification\",\"valueRequired\":true,\"valueName\":\"search_term_string\"}}],\"inLanguage\":\"fr-FR\"},{\"@type\":\"Organization\",\"@id\":\"https:\/\/corpseveil.com\/#organization\",\"name\":\"Corps en Eveil - Anne-Laure Pegon\",\"url\":\"https:\/\/corpseveil.com\/\",\"logo\":{\"@type\":\"ImageObject\",\"inLanguage\":\"fr-FR\",\"@id\":\"https:\/\/corpseveil.com\/#\/schema\/logo\/image\/\",\"url\":\"https:\/\/corpseveil.com\/wp-content\/uploads\/2023\/07\/cropped-CEE_LOGO_BLANC.png\",\"contentUrl\":\"https:\/\/corpseveil.com\/wp-content\/uploads\/2023\/07\/cropped-CEE_LOGO_BLANC.png\",\"width\":2842,\"height\":2421,\"caption\":\"Corps en Eveil - Anne-Laure Pegon\"},\"image\":{\"@id\":\"https:\/\/corpseveil.com\/#\/schema\/logo\/image\/\"}}]}<\/script>\n<!-- \/ Yoast SEO plugin. -->","yoast_head_json":{"title":"Agenda - Corps en Eveil - Anne-Laure Pegon","robots":{"index":"index","follow":"follow","max-snippet":"max-snippet:-1","max-image-preview":"max-image-preview:large","max-video-preview":"max-video-preview:-1"},"canonical":"https:\/\/corpseveil.com\/index.php\/agenda\/","og_locale":"fr_FR","og_type":"article","og_title":"Agenda - Corps en Eveil - Anne-Laure Pegon","og_description":"Ev\u00e9nements \u00e0 venir Rencontre La Source des Femmes &#8211; Dim 8 Mars Vall\u00e9e Verte 74 A l&rsquo;occasion de la Journ\u00e9e Internationale des droits de la Femme, Ressour\u00e7ons nous au contact [&hellip;]","og_url":"https:\/\/corpseveil.com\/index.php\/agenda\/","og_site_name":"Corps en Eveil - Anne-Laure Pegon","article_modified_time":"2026-02-24T19:56:41+00:00","twitter_card":"summary_large_image","twitter_misc":{"Dur\u00e9e de lecture estim\u00e9e":"3 minutes"},"schema":{"@context":"https:\/\/schema.org","@graph":[{"@type":"WebPage","@id":"https:\/\/corpseveil.com\/index.php\/agenda\/","url":"https:\/\/corpseveil.com\/index.php\/agenda\/","name":"Agenda - Corps en Eveil - Anne-Laure Pegon","isPartOf":{"@id":"https:\/\/corpseveil.com\/#website"},"datePublished":"2023-08-08T14:00:15+00:00","dateModified":"2026-02-24T19:56:41+00:00","breadcrumb":{"@id":"https:\/\/corpseveil.com\/index.php\/agenda\/#breadcrumb"},"inLanguage":"fr-FR","potentialAction":[{"@type":"ReadAction","target":["https:\/\/corpseveil.com\/index.php\/agenda\/"]}]},{"@type":"BreadcrumbList","@id":"https:\/\/corpseveil.com\/index.php\/agenda\/#breadcrumb","itemListElement":[{"@type":"ListItem","position":1,"name":"Accueil","item":"https:\/\/corpseveil.com\/"},{"@type":"ListItem","position":2,"name":"Agenda"}]},{"@type":"WebSite","@id":"https:\/\/corpseveil.com\/#website","url":"https:\/\/corpseveil.com\/","name":"Corps en Eveil - Anne-Laure Pegon","description":"Th\u00e9rapeute Psychocorporelle Haute Savoie et Vall\u00e9e Verte 74","publisher":{"@id":"https:\/\/corpseveil.com\/#organization"},"potentialAction":[{"@type":"SearchAction","target":{"@type":"EntryPoint","urlTemplate":"https:\/\/corpseveil.com\/?s={search_term_string}"},"query-input":{"@type":"PropertyValueSpecification","valueRequired":true,"valueName":"search_term_string"}}],"inLanguage":"fr-FR"},{"@type":"Organization","@id":"https:\/\/corpseveil.com\/#organization","name":"Corps en Eveil - Anne-Laure Pegon","url":"https:\/\/corpseveil.com\/","logo":{"@type":"ImageObject","inLanguage":"fr-FR","@id":"https:\/\/corpseveil.com\/#\/schema\/logo\/image\/","url":"https:\/\/corpseveil.com\/wp-content\/uploads\/2023\/07\/cropped-CEE_LOGO_BLANC.png","contentUrl":"https:\/\/corpseveil.com\/wp-content\/uploads\/2023\/07\/cropped-CEE_LOGO_BLANC.png","width":2842,"height":2421,"caption":"Corps en Eveil - Anne-Laure Pegon"},"image":{"@id":"https:\/\/corpseveil.com\/#\/schema\/logo\/image\/"}}]}},"_links":{"self":[{"href":"https:\/\/corpseveil.com\/index.php\/wp-json\/wp\/v2\/pages\/504","targetHints":{"allow":["GET"]}}],"collection":[{"href":"https:\/\/corpseveil.com\/index.php\/wp-json\/wp\/v2\/pages"}],"about":[{"href":"https:\/\/corpseveil.com\/index.php\/wp-json\/wp\/v2\/types\/page"}],"author":[{"embeddable":true,"href":"https:\/\/corpseveil.com\/index.php\/wp-json\/wp\/v2\/users\/1"}],"replies":[{"embeddable":true,"href":"https:\/\/corpseveil.com\/index.php\/wp-json\/wp\/v2\/comments?post=504"}],"version-history":[{"count":126,"href":"https:\/\/corpseveil.com\/index.php\/wp-json\/wp\/v2\/pages\/504\/revisions"}],"predecessor-version":[{"id":1973,"href":"https:\/\/corpseveil.com\/index.php\/wp-json\/wp\/v2\/pages\/504\/revisions\/1973"}],"wp:attachment":[{"href":"https:\/\/corpseveil.com\/index.php\/wp-json\/wp\/v2\/media?parent=504"}],"curies":[{"name":"wp","href":"https:\/\/api.w.org\/{rel}","templated":true}]}}